{"id":542,"date":"2020-09-08T13:59:27","date_gmt":"2020-09-08T11:59:27","guid":{"rendered":"https:\/\/dev.dabone.de\/de\/?page_id=542"},"modified":"2021-01-26T11:57:53","modified_gmt":"2021-01-26T10:57:53","slug":"datenschutz","status":"publish","type":"page","link":"https:\/\/j-michaelis.de\/de\/datenschutz\/","title":{"rendered":"Datenschutz"},"content":{"rendered":"<div id=\"cs-content\" class=\"cs-content\"><\/div>\n","protected":false},"excerpt":{"rendered":"<p>Datenschutzerkl\u00e4rung 1. Name und Kontaktdaten des f\u00fcr die Verarbeitung Verantwortlichen sowie des betrieblichen Datenschutzbeauftragten Diese Datenschutz-Information gilt f\u00fcr die Datenverarbeitung durch:Rechtsanwalt und Notar Jens MichaelisMehringdamm 50 | 10961 BerlinTel:\u00a0 030 6883 6589 | Fax: 030 7889 7245Email: ra[at]j-michaelis[dot]de (Anwaltsbereich)notar[at]j-michaelis[dot]de (Notarbereich)2. Erhebung und Speicherung personenbezogener Daten sowie Art und Zweck von deren Verwendung beim Besuch der Website Beim Aufrufen meiner Website\u00a0werden &#8230; <\/p>\n<div><a href=\"https:\/\/j-michaelis.de\/de\/datenschutz\/\" class=\"more-link\">Read More<\/a><\/div>\n","protected":false},"author":1,"featured_media":0,"parent":0,"menu_order":0,"comment_status":"closed","ping_status":"closed","template":"template-blank-4.php","meta":{"footnotes":""},"class_list":["post-542","page","type-page","status-publish","hentry","no-post-thumbnail"],"yoast_head":"<!-- This site is optimized with the Yoast SEO plugin v27.0 - https:\/\/yoast.com\/product\/yoast-seo-wordpress\/ -->\n<title>Datenschutzerkl\u00e4rung &#8212; Jens Michaelis |\u00a0Rechtsanwalt &amp; Notar<\/title>\n<meta name=\"description\" content=\"Datenschutzerkl\u00e4rung - Jens Michaelis |\u00a0Rechtsanwalt &amp; Notar - Mehringdamm 50, 10961 Berlin\" \/>\n<meta name=\"robots\" content=\"index, follow, max-snippet:-1, max-image-preview:large, max-video-preview:-1\" \/>\n<link rel=\"canonical\" href=\"https:\/\/j-michaelis.de\/de\/datenschutz\/\" \/>\n<meta name=\"twitter:label1\" content=\"Gesch\u00e4tzte Lesezeit\" \/>\n\t<meta name=\"twitter:data1\" content=\"8\u00a0Minuten\" \/>\n<script type=\"application\/ld+json\" class=\"yoast-schema-graph\">{\"@context\":\"https:\/\/schema.org\",\"@graph\":[{\"@type\":\"WebPage\",\"@id\":\"https:\/\/j-michaelis.de\/de\/datenschutz\/\",\"url\":\"https:\/\/j-michaelis.de\/de\/datenschutz\/\",\"name\":\"Datenschutzerkl\u00e4rung &#8212; Jens Michaelis |\u00a0Rechtsanwalt & Notar\",\"isPartOf\":{\"@id\":\"https:\/\/j-michaelis.de\/de\/#website\"},\"datePublished\":\"2020-09-08T11:59:27+00:00\",\"dateModified\":\"2021-01-26T10:57:53+00:00\",\"description\":\"Datenschutzerkl\u00e4rung - Jens Michaelis |\u00a0Rechtsanwalt & Notar - Mehringdamm 50, 10961 Berlin\",\"breadcrumb\":{\"@id\":\"https:\/\/j-michaelis.de\/de\/datenschutz\/#breadcrumb\"},\"inLanguage\":\"de\",\"potentialAction\":[{\"@type\":\"ReadAction\",\"target\":[\"https:\/\/j-michaelis.de\/de\/datenschutz\/\"]}]},{\"@type\":\"BreadcrumbList\",\"@id\":\"https:\/\/j-michaelis.de\/de\/datenschutz\/#breadcrumb\",\"itemListElement\":[{\"@type\":\"ListItem\",\"position\":1,\"name\":\"Startseite\",\"item\":\"https:\/\/j-michaelis.de\/de\/\"},{\"@type\":\"ListItem\",\"position\":2,\"name\":\"Datenschutz\"}]},{\"@type\":\"WebSite\",\"@id\":\"https:\/\/j-michaelis.de\/de\/#website\",\"url\":\"https:\/\/j-michaelis.de\/de\/\",\"name\":\"DE Jens Michaelis -\u00a0Notar | Rechtsanwalt\",\"description\":\"Notar | Rechtsanwalt\",\"publisher\":{\"@id\":\"https:\/\/j-michaelis.de\/de\/#organization\"},\"potentialAction\":[{\"@type\":\"SearchAction\",\"target\":{\"@type\":\"EntryPoint\",\"urlTemplate\":\"https:\/\/j-michaelis.de\/de\/?s={search_term_string}\"},\"query-input\":{\"@type\":\"PropertyValueSpecification\",\"valueRequired\":true,\"valueName\":\"search_term_string\"}}],\"inLanguage\":\"de\"},{\"@type\":\"Organization\",\"@id\":\"https:\/\/j-michaelis.de\/de\/#organization\",\"name\":\"Jens Michaelis - Rechtsanwalt | Notar\",\"url\":\"https:\/\/j-michaelis.de\/de\/\",\"logo\":{\"@type\":\"ImageObject\",\"inLanguage\":\"de\",\"@id\":\"https:\/\/j-michaelis.de\/de\/#\/schema\/logo\/image\/\",\"url\":\"\",\"contentUrl\":\"\",\"caption\":\"Jens Michaelis - Rechtsanwalt | Notar\"},\"image\":{\"@id\":\"https:\/\/j-michaelis.de\/de\/#\/schema\/logo\/image\/\"}}]}<\/script>\n<!-- \/ Yoast SEO plugin. -->","yoast_head_json":{"title":"Datenschutzerkl\u00e4rung &#8212; Jens Michaelis |\u00a0Rechtsanwalt & Notar","description":"Datenschutzerkl\u00e4rung - Jens Michaelis |\u00a0Rechtsanwalt & Notar - Mehringdamm 50, 10961 Berlin","robots":{"index":"index","follow":"follow","max-snippet":"max-snippet:-1","max-image-preview":"max-image-preview:large","max-video-preview":"max-video-preview:-1"},"canonical":"https:\/\/j-michaelis.de\/de\/datenschutz\/","twitter_misc":{"Gesch\u00e4tzte Lesezeit":"8\u00a0Minuten"},"schema":{"@context":"https:\/\/schema.org","@graph":[{"@type":"WebPage","@id":"https:\/\/j-michaelis.de\/de\/datenschutz\/","url":"https:\/\/j-michaelis.de\/de\/datenschutz\/","name":"Datenschutzerkl\u00e4rung &#8212; Jens Michaelis |\u00a0Rechtsanwalt & Notar","isPartOf":{"@id":"https:\/\/j-michaelis.de\/de\/#website"},"datePublished":"2020-09-08T11:59:27+00:00","dateModified":"2021-01-26T10:57:53+00:00","description":"Datenschutzerkl\u00e4rung - Jens Michaelis |\u00a0Rechtsanwalt & Notar - Mehringdamm 50, 10961 Berlin","breadcrumb":{"@id":"https:\/\/j-michaelis.de\/de\/datenschutz\/#breadcrumb"},"inLanguage":"de","potentialAction":[{"@type":"ReadAction","target":["https:\/\/j-michaelis.de\/de\/datenschutz\/"]}]},{"@type":"BreadcrumbList","@id":"https:\/\/j-michaelis.de\/de\/datenschutz\/#breadcrumb","itemListElement":[{"@type":"ListItem","position":1,"name":"Startseite","item":"https:\/\/j-michaelis.de\/de\/"},{"@type":"ListItem","position":2,"name":"Datenschutz"}]},{"@type":"WebSite","@id":"https:\/\/j-michaelis.de\/de\/#website","url":"https:\/\/j-michaelis.de\/de\/","name":"DE Jens Michaelis -\u00a0Notar | Rechtsanwalt","description":"Notar | Rechtsanwalt","publisher":{"@id":"https:\/\/j-michaelis.de\/de\/#organization"},"potentialAction":[{"@type":"SearchAction","target":{"@type":"EntryPoint","urlTemplate":"https:\/\/j-michaelis.de\/de\/?s={search_term_string}"},"query-input":{"@type":"PropertyValueSpecification","valueRequired":true,"valueName":"search_term_string"}}],"inLanguage":"de"},{"@type":"Organization","@id":"https:\/\/j-michaelis.de\/de\/#organization","name":"Jens Michaelis - Rechtsanwalt | Notar","url":"https:\/\/j-michaelis.de\/de\/","logo":{"@type":"ImageObject","inLanguage":"de","@id":"https:\/\/j-michaelis.de\/de\/#\/schema\/logo\/image\/","url":"","contentUrl":"","caption":"Jens Michaelis - Rechtsanwalt | Notar"},"image":{"@id":"https:\/\/j-michaelis.de\/de\/#\/schema\/logo\/image\/"}}]}},"_links":{"self":[{"href":"https:\/\/j-michaelis.de\/de\/wp-json\/wp\/v2\/pages\/542","targetHints":{"allow":["GET"]}}],"collection":[{"href":"https:\/\/j-michaelis.de\/de\/wp-json\/wp\/v2\/pages"}],"about":[{"href":"https:\/\/j-michaelis.de\/de\/wp-json\/wp\/v2\/types\/page"}],"author":[{"embeddable":true,"href":"https:\/\/j-michaelis.de\/de\/wp-json\/wp\/v2\/users\/1"}],"replies":[{"embeddable":true,"href":"https:\/\/j-michaelis.de\/de\/wp-json\/wp\/v2\/comments?post=542"}],"version-history":[{"count":0,"href":"https:\/\/j-michaelis.de\/de\/wp-json\/wp\/v2\/pages\/542\/revisions"}],"wp:attachment":[{"href":"https:\/\/j-michaelis.de\/de\/wp-json\/wp\/v2\/media?parent=542"}],"curies":[{"name":"wp","href":"https:\/\/api.w.org\/{rel}","templated":true}]}}