{"id":776,"date":"2020-11-19T09:52:07","date_gmt":"2020-11-19T08:52:07","guid":{"rendered":"https:\/\/dev.dabone.de\/de\/?page_id=776"},"modified":"2024-02-01T12:33:57","modified_gmt":"2024-02-01T11:33:57","slug":"impressum","status":"publish","type":"page","link":"https:\/\/j-michaelis.de\/de\/impressum\/","title":{"rendered":"Impressum"},"content":{"rendered":"<div id=\"cs-content\" class=\"cs-content\"><\/div>\n","protected":false},"excerpt":{"rendered":"<p>Impressum Verantwortlich f\u00fcr diese Homepage gem\u00e4\u00df \u00a7 5 Telemediengesetz istRechtsanwalt und Notar Jens MichaelisMehringdamm 50 | 10961 BerlinTel:\u00a0 030 6883 6589 | Fax: 030 7889 7245Email: ra[at]j-michaelis[dot]de (Anwaltsbereich)notar[at]j-michaelis[dot]de (Notarbereich)Rechtsanwalt und Notar Jens Michaelis ist Mitglied der Rechtsanwaltskammer Berlin, Littenstr.9, 10179 Berlin sowie der Notarkammer Berlin, Littenstra\u00dfe 10, 10179 Berlin. Die Rechtsanwaltskammer Berlin ist zugleich zust\u00e4ndige Aufsichtsbeh\u00f6rde f\u00fcr die rechtsanwaltliche T\u00e4tigkeit. &#8230; <\/p>\n<div><a href=\"https:\/\/j-michaelis.de\/de\/impressum\/\" class=\"more-link\">Read More<\/a><\/div>\n","protected":false},"author":1,"featured_media":0,"parent":0,"menu_order":0,"comment_status":"closed","ping_status":"closed","template":"template-blank-4.php","meta":{"footnotes":""},"class_list":["post-776","page","type-page","status-publish","hentry","no-post-thumbnail"],"yoast_head":"<!-- This site is optimized with the Yoast SEO plugin v27.0 - https:\/\/yoast.com\/product\/yoast-seo-wordpress\/ -->\n<title>Impressum &#8212; Jens Michaelis |\u00a0Notar &amp; Rechtsanwalt<\/title>\n<meta name=\"description\" content=\"Impressum - Jens Michaelis |\u00a0Rechtsanwalt &amp; Notar - Mehringdamm 50, 10961 Berlin\" \/>\n<meta name=\"robots\" content=\"index, follow, max-snippet:-1, max-image-preview:large, max-video-preview:-1\" \/>\n<link rel=\"canonical\" href=\"https:\/\/j-michaelis.de\/de\/impressum\/\" \/>\n<script type=\"application\/ld+json\" class=\"yoast-schema-graph\">{\"@context\":\"https:\/\/schema.org\",\"@graph\":[{\"@type\":\"WebPage\",\"@id\":\"https:\/\/j-michaelis.de\/de\/impressum\/\",\"url\":\"https:\/\/j-michaelis.de\/de\/impressum\/\",\"name\":\"Impressum &#8212; Jens Michaelis |\u00a0Notar & Rechtsanwalt\",\"isPartOf\":{\"@id\":\"https:\/\/j-michaelis.de\/de\/#website\"},\"datePublished\":\"2020-11-19T08:52:07+00:00\",\"dateModified\":\"2024-02-01T11:33:57+00:00\",\"description\":\"Impressum - Jens Michaelis |\u00a0Rechtsanwalt & Notar - Mehringdamm 50, 10961 Berlin\",\"breadcrumb\":{\"@id\":\"https:\/\/j-michaelis.de\/de\/impressum\/#breadcrumb\"},\"inLanguage\":\"de\",\"potentialAction\":[{\"@type\":\"ReadAction\",\"target\":[\"https:\/\/j-michaelis.de\/de\/impressum\/\"]}]},{\"@type\":\"BreadcrumbList\",\"@id\":\"https:\/\/j-michaelis.de\/de\/impressum\/#breadcrumb\",\"itemListElement\":[{\"@type\":\"ListItem\",\"position\":1,\"name\":\"Startseite\",\"item\":\"https:\/\/j-michaelis.de\/de\/\"},{\"@type\":\"ListItem\",\"position\":2,\"name\":\"Impressum\"}]},{\"@type\":\"WebSite\",\"@id\":\"https:\/\/j-michaelis.de\/de\/#website\",\"url\":\"https:\/\/j-michaelis.de\/de\/\",\"name\":\"DE Jens Michaelis -\u00a0Notar | Rechtsanwalt\",\"description\":\"Notar | Rechtsanwalt\",\"publisher\":{\"@id\":\"https:\/\/j-michaelis.de\/de\/#organization\"},\"potentialAction\":[{\"@type\":\"SearchAction\",\"target\":{\"@type\":\"EntryPoint\",\"urlTemplate\":\"https:\/\/j-michaelis.de\/de\/?s={search_term_string}\"},\"query-input\":{\"@type\":\"PropertyValueSpecification\",\"valueRequired\":true,\"valueName\":\"search_term_string\"}}],\"inLanguage\":\"de\"},{\"@type\":\"Organization\",\"@id\":\"https:\/\/j-michaelis.de\/de\/#organization\",\"name\":\"Jens Michaelis - Rechtsanwalt | Notar\",\"url\":\"https:\/\/j-michaelis.de\/de\/\",\"logo\":{\"@type\":\"ImageObject\",\"inLanguage\":\"de\",\"@id\":\"https:\/\/j-michaelis.de\/de\/#\/schema\/logo\/image\/\",\"url\":\"\",\"contentUrl\":\"\",\"caption\":\"Jens Michaelis - Rechtsanwalt | Notar\"},\"image\":{\"@id\":\"https:\/\/j-michaelis.de\/de\/#\/schema\/logo\/image\/\"}}]}<\/script>\n<!-- \/ Yoast SEO plugin. -->","yoast_head_json":{"title":"Impressum &#8212; Jens Michaelis |\u00a0Notar & Rechtsanwalt","description":"Impressum - Jens Michaelis |\u00a0Rechtsanwalt & Notar - Mehringdamm 50, 10961 Berlin","robots":{"index":"index","follow":"follow","max-snippet":"max-snippet:-1","max-image-preview":"max-image-preview:large","max-video-preview":"max-video-preview:-1"},"canonical":"https:\/\/j-michaelis.de\/de\/impressum\/","schema":{"@context":"https:\/\/schema.org","@graph":[{"@type":"WebPage","@id":"https:\/\/j-michaelis.de\/de\/impressum\/","url":"https:\/\/j-michaelis.de\/de\/impressum\/","name":"Impressum &#8212; Jens Michaelis |\u00a0Notar & Rechtsanwalt","isPartOf":{"@id":"https:\/\/j-michaelis.de\/de\/#website"},"datePublished":"2020-11-19T08:52:07+00:00","dateModified":"2024-02-01T11:33:57+00:00","description":"Impressum - Jens Michaelis |\u00a0Rechtsanwalt & Notar - Mehringdamm 50, 10961 Berlin","breadcrumb":{"@id":"https:\/\/j-michaelis.de\/de\/impressum\/#breadcrumb"},"inLanguage":"de","potentialAction":[{"@type":"ReadAction","target":["https:\/\/j-michaelis.de\/de\/impressum\/"]}]},{"@type":"BreadcrumbList","@id":"https:\/\/j-michaelis.de\/de\/impressum\/#breadcrumb","itemListElement":[{"@type":"ListItem","position":1,"name":"Startseite","item":"https:\/\/j-michaelis.de\/de\/"},{"@type":"ListItem","position":2,"name":"Impressum"}]},{"@type":"WebSite","@id":"https:\/\/j-michaelis.de\/de\/#website","url":"https:\/\/j-michaelis.de\/de\/","name":"DE Jens Michaelis -\u00a0Notar | Rechtsanwalt","description":"Notar | Rechtsanwalt","publisher":{"@id":"https:\/\/j-michaelis.de\/de\/#organization"},"potentialAction":[{"@type":"SearchAction","target":{"@type":"EntryPoint","urlTemplate":"https:\/\/j-michaelis.de\/de\/?s={search_term_string}"},"query-input":{"@type":"PropertyValueSpecification","valueRequired":true,"valueName":"search_term_string"}}],"inLanguage":"de"},{"@type":"Organization","@id":"https:\/\/j-michaelis.de\/de\/#organization","name":"Jens Michaelis - Rechtsanwalt | Notar","url":"https:\/\/j-michaelis.de\/de\/","logo":{"@type":"ImageObject","inLanguage":"de","@id":"https:\/\/j-michaelis.de\/de\/#\/schema\/logo\/image\/","url":"","contentUrl":"","caption":"Jens Michaelis - Rechtsanwalt | Notar"},"image":{"@id":"https:\/\/j-michaelis.de\/de\/#\/schema\/logo\/image\/"}}]}},"_links":{"self":[{"href":"https:\/\/j-michaelis.de\/de\/wp-json\/wp\/v2\/pages\/776","targetHints":{"allow":["GET"]}}],"collection":[{"href":"https:\/\/j-michaelis.de\/de\/wp-json\/wp\/v2\/pages"}],"about":[{"href":"https:\/\/j-michaelis.de\/de\/wp-json\/wp\/v2\/types\/page"}],"author":[{"embeddable":true,"href":"https:\/\/j-michaelis.de\/de\/wp-json\/wp\/v2\/users\/1"}],"replies":[{"embeddable":true,"href":"https:\/\/j-michaelis.de\/de\/wp-json\/wp\/v2\/comments?post=776"}],"version-history":[{"count":0,"href":"https:\/\/j-michaelis.de\/de\/wp-json\/wp\/v2\/pages\/776\/revisions"}],"wp:attachment":[{"href":"https:\/\/j-michaelis.de\/de\/wp-json\/wp\/v2\/media?parent=776"}],"curies":[{"name":"wp","href":"https:\/\/api.w.org\/{rel}","templated":true}]}}