{"id":866,"date":"2020-12-29T15:56:10","date_gmt":"2020-12-29T14:56:10","guid":{"rendered":"https:\/\/dev.dabone.de\/de\/?page_id=866"},"modified":"2026-01-13T13:02:28","modified_gmt":"2026-01-13T12:02:28","slug":"vorsorge-vollmachten","status":"publish","type":"page","link":"https:\/\/j-michaelis.de\/de\/vorsorge-vollmachten\/","title":{"rendered":"Vorsorge \/ Vollmachten"},"content":{"rendered":"<div id=\"cs-content\" class=\"cs-content\"><div class=\"x-section e866-e1 mo2-0 mo2-1 mo2-2\"><div class=\"x-row x-container max width e866-e2 mo2-5 mo2-6 mo2-7 mo2-a mo2-b\"><div class=\"x-row-inner\"><div class=\"x-col e866-e3 mo2-j mo2-k\"><div class=\"x-text x-text-headline e866-e4 mo2-u mo2-v h-custom-headline-blueline accent\"><div class=\"x-text-content\"><div class=\"x-text-content-text\"><h2 class=\"x-text-content-text-primary\"><span>Vorsorge \/ Vollmachten<\/span><\/h2>\n<\/div><\/div><\/div><\/div><\/div><\/div><\/div><div class=\"x-section e866-e5 mo2-0 mo2-1 mo2-2\"><div class=\"x-row x-container max width e866-e6 mo2-5 mo2-7 mo2-8 mo2-c mo2-d\"><div class=\"x-row-inner\"><div class=\"x-col e866-e7 mo2-j mo2-k mo2-l mo2-m\"><div class=\"x-bg\" aria-hidden=\"true\"><div class=\"x-bg-layer-lower-image\"><\/div><\/div><\/div><div class=\"x-col e866-e8 mo2-j mo2-k mo2-m mo2-n\"><div class=\"x-text x-content e866-e9 mo2-x mo2-y mo2-z\"><a href=\"#Vorsorge\">Vorsorge- und Generalvollmachten<\/a><\/div><\/div><\/div><\/div><\/div><div class=\"x-section e866-e10 mo2-0 mo2-2 mo2-3\" id=\"Vorsorge\"><div class=\"x-row x-container max width e866-e11 mo2-5 mo2-6 mo2-7 mo2-a mo2-e\"><div class=\"x-row-inner\"><div class=\"x-col e866-e12 mo2-j mo2-k\"><div class=\"x-text x-text-headline e866-e13 mo2-u mo2-v h-custom-headline-blueline accent\"><div class=\"x-text-content\"><div class=\"x-text-content-text\"><h3 class=\"x-text-content-text-primary\"><span>Vorsorge- und Generalvollmachten<\/span><\/h3>\n<\/div><\/div><\/div><\/div><\/div><\/div><\/div><div class=\"x-section e866-e14 mo2-0 mo2-1 mo2-2\"><div class=\"x-row x-container max width e866-e15 mo2-5 mo2-6 mo2-7 mo2-a mo2-f\"><div class=\"x-row-inner\"><div class=\"x-col e866-e16 mo2-j mo2-k\"><div class=\"x-text x-content e866-e17 mo2-z mo2-10\"><p>F\u00fcr den Fall, dass Sie einmal Ihre Angelegenheiten - vor allem im Alter - aus gesundheitlichen Gr\u00fcnden (oder aus anderen Gr\u00fcnden wie z.B. bei einem l\u00e4ngeren Auslandsaufenthalt) vor\u00fcbergehend oder auch dauerhaft nicht mehr selbst besorgen k\u00f6nnen oder wollen, k\u00f6nnen Sie in einer Vorsorge-\/Generalvollmacht einen oder mehrere Bevollm\u00e4chtigte benennen, die in Ihrem Namen als Ihr\/e Vertreter f\u00fcr Sie verbindliche Erkl\u00e4rungen im Rechtsverkehr abgeben k\u00f6nnen.<\/p>\n<p>Eine solche Vorsorgevollmacht wird in der Regel in der Form einer Generalvollmacht erteilt, bei der der Bevollm\u00e4chtigte Sie umfassend in allen verm\u00f6gensrechtlichen Angelegenheiten (Abschluss und K\u00fcndigung von Vertr\u00e4gen etc.) und in allen nichtverm\u00f6gensrechtlichen Angelegenheiten (Erkl\u00e4rungen insbesondere gegen\u00fcber \u00c4rzten und Pflegepersonal bei Krankenhaus- und\/oder Pflegeheimaufenthalten) vertreten kann.<\/p>\n<p>Eine solche umfassende General- und Vorsorgevollmacht schlie\u00dft in ihrem Anwendungsbereich eine gerichtliche Anordnung einer Betreuung aus. Sie k\u00f6nnen demnach mit einer solchen Vorsorgevollmacht selbst bestimmen, wer Ihr rechtlicher Vertreter sein soll, wenn Sie tats\u00e4chlich einmal in ihrer Gesch\u00e4ftsf\u00e4higkeit eingeschr\u00e4nkt sein sollten.<\/p>\n<p>Solange Ihre Gesch\u00e4ftsf\u00e4higkeit nicht beeintr\u00e4chtigt ist, bestimmen Sie auch nach Errichtung einer solchen Vollmacht, ob und f\u00fcr welche Zwecke der Bevollm\u00e4chtigte f\u00fcr Sie aufgrund der erteilten Vollmacht \u00fcberhaupt handeln kann. Denn nur mit einer auf den Namen des Bevollm\u00e4chtigten ausgestellten Ausfertigung der Vollmacht kann dieser im Rechtsverkehr handeln. Entsprechend bietet es sich an, die Ausfertigung dem Bevollm\u00e4chtigten erst auszuh\u00e4ndigen, wenn eine Vertretung gew\u00fcnscht ist. Auch sind Sie gegen\u00fcber dem Bevollm\u00e4chtigten weisungsbefugt und k\u00f6nnen die Nutzung der Vollmacht entsprechend regeln.<\/p>\n<p>Ferner ist eine solche Vollmachtserteilung jederzeit f\u00fcr Sie frei widerruflich. Im Falle eines Widerrufs ist der Bevollm\u00e4chtigte verpflichtet, eine ihm etwaig ausgeh\u00e4ndigte Ausfertigung der Vollmacht herauszugeben.<\/p>\n<p>F\u00fcr die Erstellung eines Entwurfes einer solchen Vollmacht, teilen Sie uns bitte folgende Angaben mit:<\/p>\n<ul>\n \t<li>die pers\u00f6nlichen Angaben von Ihnen und den Bevollm\u00e4chtigten (jeweils Namen, Anschriften, Geburtstage und Geburtsorte sowie jeweils die Telefonnummern)<\/li>\n \t<li>ob der Bevollm\u00e4chtigte auch in Ihrem Namen Schenkungen an Dritte oder auch an sich selbst vornehmen darf und wenn ja, in welchem Umfange (z.B. \u00fcbliche Geschenke zu Geburtstagen)<\/li>\n \t<li>soll bei mehreren Bevollm\u00e4chtigten ein Rangverh\u00e4ltnis (Haupt- und Unterbevollm\u00e4chtigter) bestehen?<\/li>\n \t<li>Telefonnummer f\u00fcr R\u00fcckrufe<\/li>\n<\/ul>\n<p>Am besten senden Sie uns eine E-Mail zu mit den oben genannten Angaben. Je nach Wunsch kann dann zun\u00e4chst ein Vorbesprechungstermin vereinbart werden, in dem die Regelungsm\u00f6glichkeiten im Einzelnen besprochen werden oder wir senden Ihnen vorab per E-Mail einen Blankoentwurf mit dem typischen Regelungsinhalt einer General- und Vorsorgevollmacht zu. Offene Fragen k\u00f6nnen auch vorab telefonisch gekl\u00e4rt werden bzw. noch anl\u00e4sslich des anschlie\u00dfend zu vereinbarenden Beurkundungstermins.<\/p><\/div><\/div><\/div><\/div><\/div><div class=\"x-section e866-e18 mo2-0 mo2-1 mo2-2\"><div class=\"x-row x-container max width e866-e19 mo2-5 mo2-6 mo2-7 mo2-a mo2-g\"><div class=\"x-row-inner\"><div class=\"x-col e866-e20 mo2-j mo2-o\"><div class=\"x-text x-text-headline e866-e21 mo2-u mo2-v h-custom-headline-blueline accent\"><div class=\"x-text-content\"><div class=\"x-text-content-text\"><h2 class=\"x-text-content-text-primary\"><span>So kommen Sie zu uns<\/span><\/h2>\n<\/div><\/div><\/div><\/div><\/div><\/div><\/div><div class=\"x-section e866-e22 mo2-0 mo2-4\"><div class=\"x-bg\" aria-hidden=\"true\"><div class=\"x-bg-layer-lower-image\"><\/div><\/div><div class=\"x-row x-container max width e866-e23 mo2-5 mo2-8 mo2-9 mo2-c mo2-h\"><div class=\"x-row-inner\"><div class=\"x-col e866-e24 mo2-j mo2-k mo2-p mo2-q mo2-r\"><span class=\"x-image e866-e25 mo2-12\"><img decoding=\"async\" src=\"https:\/\/j-michaelis.de\/de\/wp-content\/uploads\/sites\/2\/2020\/11\/Anfahrt_Jens_Michaelis_559x559.jpg\" width=\"559\" height=\"559\" alt=\"Anfahrt - Jens Michaelis - Notar | Rechtsanwalt\" loading=\"lazy\"><\/span><\/div><div class=\"x-col e866-e26 mo2-j mo2-p mo2-s mo2-t\"><div class=\"x-text x-text-headline e866-e27 mo2-v mo2-w\"><div class=\"x-text-content\"><div class=\"x-text-content-text\"><h3 class=\"x-text-content-text-primary\">Mit dem Auto<\/h3>\n<\/div><\/div><\/div><div class=\"x-text x-content e866-e28 mo2-x mo2-z mo2-11\">Auf der A 100 die Ausfahrt 20-Tempfelhofer Damm nehmen, dann Richtung Norden auf der B96 \n(Tempelhofer Damm\/ Mehringdamm) bis Mehring\u00addamm 50 fahren (linker Hand ca. 100 m vor der Kreuzung Mehringdamm\/Gneisenaustr.).<\/div><div class=\"x-text x-text-headline e866-e29 mo2-v mo2-w\"><div class=\"x-text-content\"><div class=\"x-text-content-text\"><h3 class=\"x-text-content-text-primary\">Mit den \u00f6ffentlichen Verkehrsmitteln<\/h3>\n<\/div><\/div><\/div><div class=\"x-text x-content e866-e30 mo2-x mo2-z mo2-11\">Mit der U-Bahn bis U-Bhf Mehringdamm (U6\/U7) fahren, dann auf dem Mehringdamm Richtung S\u00fcden auf der rechten Seite bis Mehringdamm 50 laufen (ca. 300 m).<\/div><div class=\"x-text x-content e866-e31 mo2-x mo2-z mo2-11\"><p style=\"margin:0em 0em 0em 0em\">Alternativ k\u00f6nnen Sie uns mit dem Bus M19 (Station U-Mehringdamm) oder mit dem Bus 140 (Station Yorkstr.\/Gro\u00dfbeerenstr.) erreichen.<\/p><a href=\"https:\/\/j-michaelis.de\/de\/wp-content\/uploads\/sites\/2\/2021\/02\/Anfahrt_Jens_Michaelis.pdf\" target=\"_blank\" rel=\"noopener\">Anfahrt PDF<\/a><\/div><div class=\"x-text x-content e866-e32 mo2-x mo2-z mo2-11\"><\/div><\/div><\/div><\/div><\/div><div class=\"x-section e866-e33 mo2-0 mo2-4\"><div class=\"x-bg\" aria-hidden=\"true\"><div class=\"x-bg-layer-lower-image\"><\/div><\/div><div class=\"x-row x-container max width e866-e34 mo2-5 mo2-8 mo2-9 mo2-c mo2-i\"><div class=\"x-row-inner\"><div class=\"x-col e866-e35 mo2-j mo2-k mo2-p mo2-r mo2-s\"><div class=\"x-text x-text-headline e866-e36 mo2-v mo2-w\"><div class=\"x-text-content\"><div class=\"x-text-content-text\"><h3 class=\"x-text-content-text-primary\">Jens Michaelis - Notar | Rechtsanwalt  <\/h3>\n<\/div><\/div><\/div><div class=\"x-text x-content e866-e37 mo2-x mo2-z mo2-11\"><p class=\"no_margin\">Mehringdamm 50 | 10961 Berlin<\/p>\n<p class=\"no_margin\">Tel.: 030 68 83 65 89 | Fax.:\u00a0030 7889 7245<\/p>\n<p class=\"no_margin\"><a href=\"javascript:secureDecryptAndNavigate('EQC4jQD9h4pdh8eZzZRC9jb0hcDR8\/20tadE2YSzE\/bQ0L8tsQ11zvMwt5LaklLyS9hOqnwY71A0tmupNIFHRTTqcvAndLTf53g9', 'c4a30e531fe9536c0a7ae6b2ee78a3e60111717907514dabc2b4c75ddacce406')\">notar[at]j-michaelis[dot]de<\/a> (Notarbereich)<\/p>\n<p class=\"no_margin\"><a href=\"javascript:secureDecryptAndNavigate('j3\/PMpHdnRIoBwhYSztt3k5e+J+MxEziRDMyd3YDItM7+xDMJZrgZlfKv+szyDPKU4AT3YOOYJotvcs8PNP8Dq42Gax3eVQa', 'c4a30e531fe9536c0a7ae6b2ee78a3e60111717907514dabc2b4c75ddacce406')\">ra[at]j-michaelis[dot]de<\/a> (Anwaltsbereich)<\/p><\/div><\/div><div class=\"x-col e866-e38 mo2-j mo2-p mo2-s mo2-t\"><span class=\"x-image e866-e39 mo2-12\"><img decoding=\"async\" src=\"https:\/\/j-michaelis.de\/de\/wp-content\/uploads\/sites\/2\/2026\/01\/Anfahrt_Jens_Michaelis_Detail_559x559_n.jpg\" width=\"559\" height=\"559\" alt=\"Anfahrt Detail - Jens Michaelis - Notar | Rechtsanwalt\" loading=\"lazy\"><\/span><\/div><\/div><\/div><\/div><span data-x-element-responsive-text=\"{&quot;selector&quot;:&quot;.resp-h .x-text-content-text-primary&quot;,&quot;compression&quot;:&quot;1.35&quot;,&quot;minFontSize&quot;:&quot;36px&quot;,&quot;maxFontSize&quot;:&quot;64px&quot;}\" class=\"e866-e40\"><\/span><span data-x-element-responsive-text=\"{&quot;selector&quot;:&quot;.resp-h-timeline .x-text-content-text-primary&quot;,&quot;compression&quot;:&quot;0.85&quot;,&quot;minFontSize&quot;:&quot;28px&quot;,&quot;maxFontSize&quot;:&quot;54px&quot;}\" class=\"e866-e41\"><\/span><span data-x-element-responsive-text=\"{&quot;selector&quot;:&quot;.resp-p&quot;,&quot;compression&quot;:&quot;2.65&quot;,&quot;minFontSize&quot;:&quot;18px&quot;,&quot;maxFontSize&quot;:&quot;21px&quot;}\" class=\"e866-e42\"><\/span><span data-x-element-responsive-text=\"{&quot;selector&quot;:&quot;.resp-p-timeline.x-text&quot;,&quot;compression&quot;:&quot;2.35&quot;,&quot;minFontSize&quot;:&quot;16px&quot;,&quot;maxFontSize&quot;:&quot;24px&quot;}\" class=\"e866-e43\"><\/span><\/div>\n","protected":false},"excerpt":{"rendered":"<p>Vorsorge \/ Vollmachten Vorsorge- und GeneralvollmachtenVorsorge- und Generalvollmachten F\u00fcr den Fall, dass Sie einmal Ihre Angelegenheiten &#8211; vor allem im Alter &#8211; aus gesundheitlichen Gr\u00fcnden (oder aus anderen Gr\u00fcnden wie z.B. bei einem l\u00e4ngeren Auslandsaufenthalt) vor\u00fcbergehend oder auch dauerhaft nicht mehr selbst besorgen k\u00f6nnen oder wollen, k\u00f6nnen Sie in einer Vorsorge-\/Generalvollmacht einen oder mehrere Bevollm\u00e4chtigte benennen, die in Ihrem Namen &#8230; <\/p>\n<div><a href=\"https:\/\/j-michaelis.de\/de\/vorsorge-vollmachten\/\" class=\"more-link\">Read More<\/a><\/div>\n","protected":false},"author":1,"featured_media":0,"parent":0,"menu_order":0,"comment_status":"closed","ping_status":"closed","template":"template-blank-4.php","meta":{"footnotes":""},"class_list":["post-866","page","type-page","status-publish","hentry","no-post-thumbnail"],"yoast_head":"<!-- This site is optimized with the Yoast SEO plugin v27.0 - https:\/\/yoast.com\/product\/yoast-seo-wordpress\/ -->\n<title>Vorsorge \/ Vollmachten &#8212; Jens Michaelis | Notar &amp; Rechtsanwalt<\/title>\n<meta name=\"description\" content=\"Vorsorge- bzw. Generalvollmacht\" \/>\n<meta name=\"robots\" content=\"index, follow, max-snippet:-1, max-image-preview:large, max-video-preview:-1\" \/>\n<link rel=\"canonical\" href=\"https:\/\/j-michaelis.de\/de\/vorsorge-vollmachten\/\" \/>\n<meta name=\"twitter:label1\" content=\"Gesch\u00e4tzte Lesezeit\" \/>\n\t<meta name=\"twitter:data1\" content=\"5\u00a0Minuten\" \/>\n<script type=\"application\/ld+json\" class=\"yoast-schema-graph\">{\"@context\":\"https:\/\/schema.org\",\"@graph\":[{\"@type\":\"WebPage\",\"@id\":\"https:\/\/j-michaelis.de\/de\/vorsorge-vollmachten\/\",\"url\":\"https:\/\/j-michaelis.de\/de\/vorsorge-vollmachten\/\",\"name\":\"Vorsorge \/ Vollmachten &#8212; Jens Michaelis | Notar & Rechtsanwalt\",\"isPartOf\":{\"@id\":\"https:\/\/j-michaelis.de\/de\/#website\"},\"datePublished\":\"2020-12-29T14:56:10+00:00\",\"dateModified\":\"2026-01-13T12:02:28+00:00\",\"description\":\"Vorsorge- bzw. Generalvollmacht\",\"breadcrumb\":{\"@id\":\"https:\/\/j-michaelis.de\/de\/vorsorge-vollmachten\/#breadcrumb\"},\"inLanguage\":\"de\",\"potentialAction\":[{\"@type\":\"ReadAction\",\"target\":[\"https:\/\/j-michaelis.de\/de\/vorsorge-vollmachten\/\"]}]},{\"@type\":\"BreadcrumbList\",\"@id\":\"https:\/\/j-michaelis.de\/de\/vorsorge-vollmachten\/#breadcrumb\",\"itemListElement\":[{\"@type\":\"ListItem\",\"position\":1,\"name\":\"Startseite\",\"item\":\"https:\/\/j-michaelis.de\/de\/\"},{\"@type\":\"ListItem\",\"position\":2,\"name\":\"Vorsorge \/ Vollmachten\"}]},{\"@type\":\"WebSite\",\"@id\":\"https:\/\/j-michaelis.de\/de\/#website\",\"url\":\"https:\/\/j-michaelis.de\/de\/\",\"name\":\"DE Jens Michaelis -\u00a0Notar | Rechtsanwalt\",\"description\":\"Notar | Rechtsanwalt\",\"publisher\":{\"@id\":\"https:\/\/j-michaelis.de\/de\/#organization\"},\"potentialAction\":[{\"@type\":\"SearchAction\",\"target\":{\"@type\":\"EntryPoint\",\"urlTemplate\":\"https:\/\/j-michaelis.de\/de\/?s={search_term_string}\"},\"query-input\":{\"@type\":\"PropertyValueSpecification\",\"valueRequired\":true,\"valueName\":\"search_term_string\"}}],\"inLanguage\":\"de\"},{\"@type\":\"Organization\",\"@id\":\"https:\/\/j-michaelis.de\/de\/#organization\",\"name\":\"Jens Michaelis - Rechtsanwalt | Notar\",\"url\":\"https:\/\/j-michaelis.de\/de\/\",\"logo\":{\"@type\":\"ImageObject\",\"inLanguage\":\"de\",\"@id\":\"https:\/\/j-michaelis.de\/de\/#\/schema\/logo\/image\/\",\"url\":\"\",\"contentUrl\":\"\",\"caption\":\"Jens Michaelis - Rechtsanwalt | Notar\"},\"image\":{\"@id\":\"https:\/\/j-michaelis.de\/de\/#\/schema\/logo\/image\/\"}}]}<\/script>\n<!-- \/ Yoast SEO plugin. -->","yoast_head_json":{"title":"Vorsorge \/ Vollmachten &#8212; Jens Michaelis | Notar & Rechtsanwalt","description":"Vorsorge- bzw. Generalvollmacht","robots":{"index":"index","follow":"follow","max-snippet":"max-snippet:-1","max-image-preview":"max-image-preview:large","max-video-preview":"max-video-preview:-1"},"canonical":"https:\/\/j-michaelis.de\/de\/vorsorge-vollmachten\/","twitter_misc":{"Gesch\u00e4tzte Lesezeit":"5\u00a0Minuten"},"schema":{"@context":"https:\/\/schema.org","@graph":[{"@type":"WebPage","@id":"https:\/\/j-michaelis.de\/de\/vorsorge-vollmachten\/","url":"https:\/\/j-michaelis.de\/de\/vorsorge-vollmachten\/","name":"Vorsorge \/ Vollmachten &#8212; Jens Michaelis | Notar & Rechtsanwalt","isPartOf":{"@id":"https:\/\/j-michaelis.de\/de\/#website"},"datePublished":"2020-12-29T14:56:10+00:00","dateModified":"2026-01-13T12:02:28+00:00","description":"Vorsorge- bzw. Generalvollmacht","breadcrumb":{"@id":"https:\/\/j-michaelis.de\/de\/vorsorge-vollmachten\/#breadcrumb"},"inLanguage":"de","potentialAction":[{"@type":"ReadAction","target":["https:\/\/j-michaelis.de\/de\/vorsorge-vollmachten\/"]}]},{"@type":"BreadcrumbList","@id":"https:\/\/j-michaelis.de\/de\/vorsorge-vollmachten\/#breadcrumb","itemListElement":[{"@type":"ListItem","position":1,"name":"Startseite","item":"https:\/\/j-michaelis.de\/de\/"},{"@type":"ListItem","position":2,"name":"Vorsorge \/ Vollmachten"}]},{"@type":"WebSite","@id":"https:\/\/j-michaelis.de\/de\/#website","url":"https:\/\/j-michaelis.de\/de\/","name":"DE Jens Michaelis -\u00a0Notar | Rechtsanwalt","description":"Notar | Rechtsanwalt","publisher":{"@id":"https:\/\/j-michaelis.de\/de\/#organization"},"potentialAction":[{"@type":"SearchAction","target":{"@type":"EntryPoint","urlTemplate":"https:\/\/j-michaelis.de\/de\/?s={search_term_string}"},"query-input":{"@type":"PropertyValueSpecification","valueRequired":true,"valueName":"search_term_string"}}],"inLanguage":"de"},{"@type":"Organization","@id":"https:\/\/j-michaelis.de\/de\/#organization","name":"Jens Michaelis - Rechtsanwalt | Notar","url":"https:\/\/j-michaelis.de\/de\/","logo":{"@type":"ImageObject","inLanguage":"de","@id":"https:\/\/j-michaelis.de\/de\/#\/schema\/logo\/image\/","url":"","contentUrl":"","caption":"Jens Michaelis - Rechtsanwalt | Notar"},"image":{"@id":"https:\/\/j-michaelis.de\/de\/#\/schema\/logo\/image\/"}}]}},"_links":{"self":[{"href":"https:\/\/j-michaelis.de\/de\/wp-json\/wp\/v2\/pages\/866","targetHints":{"allow":["GET"]}}],"collection":[{"href":"https:\/\/j-michaelis.de\/de\/wp-json\/wp\/v2\/pages"}],"about":[{"href":"https:\/\/j-michaelis.de\/de\/wp-json\/wp\/v2\/types\/page"}],"author":[{"embeddable":true,"href":"https:\/\/j-michaelis.de\/de\/wp-json\/wp\/v2\/users\/1"}],"replies":[{"embeddable":true,"href":"https:\/\/j-michaelis.de\/de\/wp-json\/wp\/v2\/comments?post=866"}],"version-history":[{"count":0,"href":"https:\/\/j-michaelis.de\/de\/wp-json\/wp\/v2\/pages\/866\/revisions"}],"wp:attachment":[{"href":"https:\/\/j-michaelis.de\/de\/wp-json\/wp\/v2\/media?parent=866"}],"curies":[{"name":"wp","href":"https:\/\/api.w.org\/{rel}","templated":true}]}}