{"id":878,"date":"2020-12-29T16:26:53","date_gmt":"2020-12-29T15:26:53","guid":{"rendered":"https:\/\/dev.dabone.de\/de\/?page_id=878"},"modified":"2026-01-13T15:08:54","modified_gmt":"2026-01-13T14:08:54","slug":"beglaubigungen","status":"publish","type":"page","link":"https:\/\/j-michaelis.de\/de\/beglaubigungen\/","title":{"rendered":"Sonstiges \/ Beglaubigungen"},"content":{"rendered":"<div id=\"cs-content\" class=\"cs-content\"><div class=\"x-section e878-e1 moe-0 moe-1 moe-2\"><div class=\"x-row x-container max width e878-e2 moe-7 moe-8 moe-9 moe-c moe-d\"><div class=\"x-row-inner\"><div class=\"x-col e878-e3 moe-n moe-o\"><div class=\"x-text x-text-headline e878-e4 moe-y moe-z h-custom-headline-blueline accent\"><div class=\"x-text-content\"><div class=\"x-text-content-text\"><h2 class=\"x-text-content-text-primary\"><span>Beglaubigungen<\/span><\/h2>\n<\/div><\/div><\/div><\/div><\/div><\/div><\/div><div class=\"x-section e878-e5 moe-0 moe-1 moe-2\"><div class=\"x-row x-container max width e878-e6 moe-7 moe-9 moe-a moe-e moe-f\"><div class=\"x-row-inner\"><div class=\"x-col e878-e7 moe-n moe-o moe-p moe-q\"><div class=\"x-bg\" aria-hidden=\"true\"><div class=\"x-bg-layer-lower-image\"><\/div><\/div><\/div><div class=\"x-col e878-e8 moe-n moe-o moe-q moe-r\"><div class=\"x-text x-content e878-e9 moe-11 moe-12 moe-13\"><a href=\"#Unterschriftsbeglaubigung\"> Unterschriftsbeglaubigung <\/a><\/div><div class=\"x-text x-content e878-e10 moe-11 moe-12 moe-13\"><a href=\"#BeglaubigungvonFotokopien\">Beglaubigung von Fotokopien<\/a><\/div><\/div><\/div><\/div><\/div><div class=\"x-section e878-e11 moe-0 moe-3 moe-4 moe-5\" id=\"Unterschriftsbeglaubigung\"><div class=\"x-row x-container max width e878-e12 moe-7 moe-8 moe-9 moe-c moe-g\"><div class=\"x-row-inner\"><div class=\"x-col e878-e13 moe-n moe-o\"><div class=\"x-text x-text-headline e878-e14 moe-y moe-z h-custom-headline-blueline accent\"><div class=\"x-text-content\"><div class=\"x-text-content-text\"><h3 class=\"x-text-content-text-primary\"><span>Unterschriftsbeglaubigung <\/span><\/h3>\n<\/div><\/div><\/div><\/div><\/div><\/div><\/div><div class=\"x-section e878-e15 moe-0 moe-1 moe-2\"><div class=\"x-row x-container max width e878-e16 moe-7 moe-8 moe-9 moe-c moe-h\"><div class=\"x-row-inner\"><div class=\"x-col e878-e17 moe-n moe-o\"><div class=\"x-text x-content e878-e18 moe-13 moe-14\"><p>Wenn Sie eine Unterschrift unter einem Dokument (z.B. einer Genehmigungserkl&auml;rung) notariell beglaubigen lassen m&uuml;ssen, dann vereinbaren Sie bitte direkt telefonisch mit uns einen Termin. Zu diesem Termin bringen Sie dann bitte das zu unterschreibende Dokument sowie Ihren g&uuml;ltigen Personalausweis oder Reisepass mit.<\/p>\n<p>Die Kosten f&uuml;r eine Unterschriftsbeglaubigung h&auml;ngen vom konkreten Gesch&auml;ftswert der Erkl&auml;rung ab, die unterschrieben werden soll. Der gesetzliche Geb&uuml;hrenrahmen liegt hier zwischen 23,80 &euro; und 83,30 &euro; f&uuml;r eine Unterschriftsbeglaubigung - je nach Gesch&auml;ftswert. In der Regel wird Ihnen auch gleich im Termin die Rechnung ausgestellt, die Sie bitte bei Rechnungsbetr&auml;gen bis 100 Euro im Termin in bar bezahlen. Liegt der Rechnungsbetrag &uuml;ber 100 &euro;, steht es Ihnen frei, den Rechnungsbetrag auch zu &uuml;berweisen.<\/p>\n<p>Wenn das beglaubigte Dokument durch uns an Dritte &uuml;bersandt oder der Beglaubigungsvermerk in der Englischen Sprache verfasst werden soll, entstehen zus&auml;tzliche Geb&uuml;hren. Bei englischem Beglaubigungsvermerk liegen die Geb&uuml;hren dann zwischen &euro; 30,94 und &euro; 108,29.<\/p>\n<p>Die Sprache, in der das zu beglaubigende Dokument verfasst ist, ist f&uuml;r die Beglaubigung unerheblich. &Uuml;bersetzungen fertigt der Notar nicht.<\/p>\n<p>Soweit das beglaubigte Dokument im Ausland verwendet werden soll, ist ggf. zus&auml;tzlich eine Apostille (&Uuml;berbeglaubigung) beim Landgericht Berlin, Littenstr. 12-17, 10179 Berlin einzuholen oder es ist eine Legalisation erforderlich.<\/p><\/div><\/div><\/div><\/div><\/div><div class=\"x-section e878-e19 moe-0 moe-2 moe-3\" id=\"BeglaubigungvonFotokopien\"><div class=\"x-row x-container max width e878-e20 moe-7 moe-8 moe-9 moe-c moe-i\"><div class=\"x-row-inner\"><div class=\"x-col e878-e21 moe-n moe-o\"><div class=\"x-text x-text-headline e878-e22 moe-y moe-z h-custom-headline-blueline accent\"><div class=\"x-text-content\"><div class=\"x-text-content-text\"><h3 class=\"x-text-content-text-primary\"><span>Beglaubigung von Fotokopien<\/span><\/h3>\n<\/div><\/div><\/div><\/div><\/div><\/div><\/div><div class=\"x-section e878-e23 moe-0 moe-1 moe-2\"><div class=\"x-row x-container max width e878-e24 moe-7 moe-8 moe-9 moe-c moe-j\"><div class=\"x-row-inner\"><div class=\"x-col e878-e25 moe-n moe-o\"><div class=\"x-text x-content e878-e26 moe-13 moe-14\"><p>Wenn Sie beglaubigte Fotokopien von Dokumenten ben\u00f6tigen, dann k\u00f6nnen Sie das entsprechende Original montags bis donnerstags <span style=\"text-decoration: underline\">ausschlie\u00dflich zwischen 10:00 Uhr und 10:45 Uhr <\/span><span style=\"text-decoration: underline\">ohne vorherige Terminvereinbarun<\/span>g hier im B\u00fcro abgeben.<span style=\"color: #ff0000\"><strong><\/strong><\/span> Wenn Sie zu diesen Zeiten die Unterlagen nicht pers\u00f6nlich vorbeibringen k\u00f6nnen, k\u00f6nnen sie diese auch einer anderen Person mitgeben. Bitte einen Zettel mit Ihrer Telefonnummer beif\u00fcgen und angeben, ob Sie - falls Sie mehrere Dokumente beglaubigen lassen wollen - diese sp\u00e4ter von Ihnen an denselben Empf\u00e4nger gesandt werden sollen (diese demnach gebunden werden k\u00f6nnen) oder ob Sie die beglaubigten Fotokopien getrennt ben\u00f6tigen. Die Kopien fertigen wir selbst vom Original, Sie brauchen demnach nicht selbst bereits Kopien fertigen.<\/p>\n<p>Sie k\u00f6nnen sich die Dokumente in der Regel am n\u00e4chsten oder \u00fcbern\u00e4chsten Werktag montags bis donnerstags wieder zur gleichen Zeit (zwischen 10:00 bis 10:45 Uhr ohne vorherige Terminvereinbarung) zusammen mit den beglaubigten Kopien gegen Zahlung des Rechnungsbetrages in bar abholen.<span style=\"color: #3366ff\"> <br \/>\n<\/span><\/p>\n<p>Freitags ist weder eine Abgabe von Dokumenten noch eine Abholung m\u00f6glich.<\/p>\n<p>Beachten Sie bitte: Beglaubigungen k\u00f6nnen nur von (handschriftlich) unterschriebenen Originaldokumenten oder beglaubigten Dokumenten erstellt werden, nicht von ausgedruckten pdf-Dokumenten u.\u00e4.!<\/p>\n<p>Die Sprache, in der das zu beglaubigende Dokument verfasst ist, ist f\u00fcr die Beglaubigung unerheblich, da lediglich die bildliche \u00dcbereinstimmung der Kopie mit dem Original notariell best\u00e4tigt wird. \u00dcbersetzungen fertigt der Notar nicht.<\/p>\n<p>Soweit das beglaubigte Dokument im Ausland verwendet werden soll, ist ggf. zus\u00e4tzlich eine Apostille (\u00dcberbeglaubigung) beim Landgericht Berlin, Littenstr. 12-17, 10179 Berlin einzuholen oder es ist eine Legalisation erforderlich.<\/p>\n<p>Kosten pro Dokument: 11,90 \u20ac (bis zu 10 Seiten), mit fremdsprachlichem Beglaubigungsvermerk: 15,47 \u20ac.<\/p>\n<p><span style=\"color: #ff0000\"><strong>\u00a0<\/strong><\/span><\/p>\n<p><span style=\"color: #000000\">\u00a0<\/span><\/p><\/div><\/div><\/div><\/div><\/div><div class=\"x-section e878-e27 moe-0 moe-1 moe-2\"><div class=\"x-row x-container max width e878-e28 moe-7 moe-8 moe-9 moe-c moe-k\"><div class=\"x-row-inner\"><div class=\"x-col e878-e29 moe-n moe-s\"><div class=\"x-text x-text-headline e878-e30 moe-y moe-z h-custom-headline-blueline accent\"><div class=\"x-text-content\"><div class=\"x-text-content-text\"><h2 class=\"x-text-content-text-primary\"><span>So kommen Sie zu uns<\/span><\/h2>\n<\/div><\/div><\/div><\/div><\/div><\/div><\/div><div class=\"x-section e878-e31 moe-0 moe-4 moe-6\"><div class=\"x-bg\" aria-hidden=\"true\"><div class=\"x-bg-layer-lower-image\"><\/div><\/div><div class=\"x-row x-container max width e878-e32 moe-7 moe-a moe-b moe-e moe-l\"><div class=\"x-row-inner\"><div class=\"x-col e878-e33 moe-n moe-o moe-t moe-u moe-v\"><span class=\"x-image e878-e34 moe-16\"><img decoding=\"async\" src=\"https:\/\/j-michaelis.de\/de\/wp-content\/uploads\/sites\/2\/2020\/11\/Anfahrt_Jens_Michaelis_559x559.jpg\" width=\"559\" height=\"559\" alt=\"Anfahrt - Jens Michaelis - Notar | Rechtsanwalt\" loading=\"lazy\"><\/span><\/div><div class=\"x-col e878-e35 moe-n moe-t moe-w moe-x\"><div class=\"x-text x-text-headline e878-e36 moe-z moe-10\"><div class=\"x-text-content\"><div class=\"x-text-content-text\"><h3 class=\"x-text-content-text-primary\">Mit dem Auto<\/h3>\n<\/div><\/div><\/div><div class=\"x-text x-content e878-e37 moe-11 moe-13 moe-15\">Auf der A 100 die Ausfahrt 20-Tempfelhofer Damm nehmen, dann Richtung Norden auf der B96 \n(Tempelhofer Damm\/ Mehringdamm) bis Mehring\u00addamm 50 fahren (linker Hand ca. 100 m vor der Kreuzung Mehringdamm\/Gneisenaustr.).<\/div><div class=\"x-text x-text-headline e878-e38 moe-z moe-10\"><div class=\"x-text-content\"><div class=\"x-text-content-text\"><h3 class=\"x-text-content-text-primary\">Mit den \u00f6ffentlichen Verkehrsmitteln<\/h3>\n<\/div><\/div><\/div><div class=\"x-text x-content e878-e39 moe-11 moe-13 moe-15\">Mit der U-Bahn bis U-Bhf Mehringdamm (U6\/U7) fahren, dann auf dem Mehringdamm Richtung S\u00fcden auf der rechten Seite bis Mehringdamm 50 laufen (ca. 300 m).<\/div><div class=\"x-text x-content e878-e40 moe-11 moe-13 moe-15\"><p style=\"margin:0em 0em 0em 0em\">Alternativ k\u00f6nnen Sie uns mit dem Bus M19 (Station U-Mehringdamm) oder mit dem Bus 140 (Station Yorkstr.\/Gro\u00dfbeerenstr.) erreichen.<\/p><a href=\"https:\/\/j-michaelis.de\/de\/wp-content\/uploads\/sites\/2\/2021\/02\/Anfahrt_Jens_Michaelis.pdf\" target=\"_blank\" rel=\"noopener\">Anfahrt PDF<\/a><\/div><div class=\"x-text x-content e878-e41 moe-11 moe-13 moe-15\"><\/div><\/div><\/div><\/div><\/div><div class=\"x-section e878-e42 moe-0 moe-4 moe-6\"><div class=\"x-bg\" aria-hidden=\"true\"><div class=\"x-bg-layer-lower-image\"><\/div><\/div><div class=\"x-row x-container max width e878-e43 moe-7 moe-a moe-b moe-e moe-m\"><div class=\"x-row-inner\"><div class=\"x-col e878-e44 moe-n moe-o moe-t moe-v moe-w\"><div class=\"x-text x-text-headline e878-e45 moe-z moe-10\"><div class=\"x-text-content\"><div class=\"x-text-content-text\"><h3 class=\"x-text-content-text-primary\">Jens Michaelis - Notar | Rechtsanwalt  <\/h3>\n<\/div><\/div><\/div><div class=\"x-text x-content e878-e46 moe-11 moe-13 moe-15\"><p class=\"no_margin\">Mehringdamm 50 | 10961 Berlin<\/p>\n<p class=\"no_margin\">Tel.: 030 68 83 65 89 | Fax.:\u00a0030 7889 7245<\/p>\n<p class=\"no_margin\"><a href=\"javascript:secureDecryptAndNavigate('J8FfIEEKIEq4JAWoqPnHoLOPImKw13wm6zI5laH5klfxTWdSOYhCfyxyswnkhm5GeqI3KnFF2IjyuZs1n4tHJSWi7Z4vQsyxrNxH', 'c4a30e531fe9536c0a7ae6b2ee78a3e60111717907514dabc2b4c75ddacce406')\">notar[at]j-michaelis[dot]de<\/a> (Notarbereich)<\/p>\n<p class=\"no_margin\"><a href=\"javascript:secureDecryptAndNavigate('LDpqXCElm405UZyI0RbmmOxdmsDECZHTpH5D\/SzDEoy+5MkpFZ49TiM6+z5VA0laMWZ6fIMn53+nWMgmXfSmn+iSRemi7wRt', 'c4a30e531fe9536c0a7ae6b2ee78a3e60111717907514dabc2b4c75ddacce406')\">ra[at]j-michaelis[dot]de<\/a> (Anwaltsbereich)<\/p><\/div><\/div><div class=\"x-col e878-e47 moe-n moe-t moe-w moe-x\"><span class=\"x-image e878-e48 moe-16\"><img decoding=\"async\" src=\"https:\/\/j-michaelis.de\/de\/wp-content\/uploads\/sites\/2\/2026\/01\/Anfahrt_Jens_Michaelis_Detail_559x559_n.jpg\" width=\"559\" height=\"559\" alt=\"Anfahrt Detail - Jens Michaelis - Notar | Rechtsanwalt\" loading=\"lazy\"><\/span><\/div><\/div><\/div><\/div><span data-x-element-responsive-text=\"{&quot;selector&quot;:&quot;.resp-h .x-text-content-text-primary&quot;,&quot;compression&quot;:&quot;1.35&quot;,&quot;minFontSize&quot;:&quot;36px&quot;,&quot;maxFontSize&quot;:&quot;64px&quot;}\" class=\"e878-e49\"><\/span><span data-x-element-responsive-text=\"{&quot;selector&quot;:&quot;.resp-h-timeline .x-text-content-text-primary&quot;,&quot;compression&quot;:&quot;0.85&quot;,&quot;minFontSize&quot;:&quot;28px&quot;,&quot;maxFontSize&quot;:&quot;54px&quot;}\" class=\"e878-e50\"><\/span><span data-x-element-responsive-text=\"{&quot;selector&quot;:&quot;.resp-p&quot;,&quot;compression&quot;:&quot;2.65&quot;,&quot;minFontSize&quot;:&quot;18px&quot;,&quot;maxFontSize&quot;:&quot;21px&quot;}\" class=\"e878-e51\"><\/span><span data-x-element-responsive-text=\"{&quot;selector&quot;:&quot;.resp-p-timeline.x-text&quot;,&quot;compression&quot;:&quot;2.35&quot;,&quot;minFontSize&quot;:&quot;16px&quot;,&quot;maxFontSize&quot;:&quot;24px&quot;}\" class=\"e878-e52\"><\/span><\/div>\n","protected":false},"excerpt":{"rendered":"<p>Beglaubigungen Unterschriftsbeglaubigung Beglaubigung von FotokopienUnterschriftsbeglaubigung Wenn Sie eine Unterschrift unter einem Dokument (z.B. einer Genehmigungserkl&auml;rung) notariell beglaubigen lassen m&uuml;ssen, dann vereinbaren Sie bitte direkt telefonisch mit uns einen Termin. Zu diesem Termin bringen Sie dann bitte das zu unterschreibende Dokument sowie Ihren g&uuml;ltigen Personalausweis oder Reisepass mit. Die Kosten f&uuml;r eine Unterschriftsbeglaubigung h&auml;ngen vom konkreten Gesch&auml;ftswert der Erkl&auml;rung ab, die &#8230; <\/p>\n<div><a href=\"https:\/\/j-michaelis.de\/de\/beglaubigungen\/\" class=\"more-link\">Read More<\/a><\/div>\n","protected":false},"author":1,"featured_media":0,"parent":0,"menu_order":0,"comment_status":"closed","ping_status":"closed","template":"template-blank-4.php","meta":{"footnotes":""},"class_list":["post-878","page","type-page","status-publish","hentry","no-post-thumbnail"],"yoast_head":"<!-- This site is optimized with the Yoast SEO plugin v27.0 - https:\/\/yoast.com\/product\/yoast-seo-wordpress\/ -->\n<title>Beglaubigungen &#8212; Jens Michaelis | Notar &amp; Rechtsanwalt<\/title>\n<meta name=\"description\" content=\"Beglaubigungen von Unterschriften und Dokumenten\" \/>\n<meta name=\"robots\" content=\"index, follow, max-snippet:-1, max-image-preview:large, max-video-preview:-1\" \/>\n<link rel=\"canonical\" href=\"https:\/\/j-michaelis.de\/de\/beglaubigungen\/\" \/>\n<meta name=\"twitter:label1\" content=\"Gesch\u00e4tzte Lesezeit\" \/>\n\t<meta name=\"twitter:data1\" content=\"4\u00a0Minuten\" \/>\n<script type=\"application\/ld+json\" class=\"yoast-schema-graph\">{\"@context\":\"https:\/\/schema.org\",\"@graph\":[{\"@type\":\"WebPage\",\"@id\":\"https:\/\/j-michaelis.de\/de\/beglaubigungen\/\",\"url\":\"https:\/\/j-michaelis.de\/de\/beglaubigungen\/\",\"name\":\"Beglaubigungen &#8212; Jens Michaelis | Notar & Rechtsanwalt\",\"isPartOf\":{\"@id\":\"https:\/\/j-michaelis.de\/de\/#website\"},\"datePublished\":\"2020-12-29T15:26:53+00:00\",\"dateModified\":\"2026-01-13T14:08:54+00:00\",\"description\":\"Beglaubigungen von Unterschriften und Dokumenten\",\"breadcrumb\":{\"@id\":\"https:\/\/j-michaelis.de\/de\/beglaubigungen\/#breadcrumb\"},\"inLanguage\":\"de\",\"potentialAction\":[{\"@type\":\"ReadAction\",\"target\":[\"https:\/\/j-michaelis.de\/de\/beglaubigungen\/\"]}]},{\"@type\":\"BreadcrumbList\",\"@id\":\"https:\/\/j-michaelis.de\/de\/beglaubigungen\/#breadcrumb\",\"itemListElement\":[{\"@type\":\"ListItem\",\"position\":1,\"name\":\"Startseite\",\"item\":\"https:\/\/j-michaelis.de\/de\/\"},{\"@type\":\"ListItem\",\"position\":2,\"name\":\"Sonstiges \/ Beglaubigungen\"}]},{\"@type\":\"WebSite\",\"@id\":\"https:\/\/j-michaelis.de\/de\/#website\",\"url\":\"https:\/\/j-michaelis.de\/de\/\",\"name\":\"DE Jens Michaelis -\u00a0Notar | Rechtsanwalt\",\"description\":\"Notar | Rechtsanwalt\",\"publisher\":{\"@id\":\"https:\/\/j-michaelis.de\/de\/#organization\"},\"potentialAction\":[{\"@type\":\"SearchAction\",\"target\":{\"@type\":\"EntryPoint\",\"urlTemplate\":\"https:\/\/j-michaelis.de\/de\/?s={search_term_string}\"},\"query-input\":{\"@type\":\"PropertyValueSpecification\",\"valueRequired\":true,\"valueName\":\"search_term_string\"}}],\"inLanguage\":\"de\"},{\"@type\":\"Organization\",\"@id\":\"https:\/\/j-michaelis.de\/de\/#organization\",\"name\":\"Jens Michaelis - Rechtsanwalt | Notar\",\"url\":\"https:\/\/j-michaelis.de\/de\/\",\"logo\":{\"@type\":\"ImageObject\",\"inLanguage\":\"de\",\"@id\":\"https:\/\/j-michaelis.de\/de\/#\/schema\/logo\/image\/\",\"url\":\"\",\"contentUrl\":\"\",\"caption\":\"Jens Michaelis - Rechtsanwalt | Notar\"},\"image\":{\"@id\":\"https:\/\/j-michaelis.de\/de\/#\/schema\/logo\/image\/\"}}]}<\/script>\n<!-- \/ Yoast SEO plugin. -->","yoast_head_json":{"title":"Beglaubigungen &#8212; Jens Michaelis | Notar & Rechtsanwalt","description":"Beglaubigungen von Unterschriften und Dokumenten","robots":{"index":"index","follow":"follow","max-snippet":"max-snippet:-1","max-image-preview":"max-image-preview:large","max-video-preview":"max-video-preview:-1"},"canonical":"https:\/\/j-michaelis.de\/de\/beglaubigungen\/","twitter_misc":{"Gesch\u00e4tzte Lesezeit":"4\u00a0Minuten"},"schema":{"@context":"https:\/\/schema.org","@graph":[{"@type":"WebPage","@id":"https:\/\/j-michaelis.de\/de\/beglaubigungen\/","url":"https:\/\/j-michaelis.de\/de\/beglaubigungen\/","name":"Beglaubigungen &#8212; Jens Michaelis | Notar & Rechtsanwalt","isPartOf":{"@id":"https:\/\/j-michaelis.de\/de\/#website"},"datePublished":"2020-12-29T15:26:53+00:00","dateModified":"2026-01-13T14:08:54+00:00","description":"Beglaubigungen von Unterschriften und Dokumenten","breadcrumb":{"@id":"https:\/\/j-michaelis.de\/de\/beglaubigungen\/#breadcrumb"},"inLanguage":"de","potentialAction":[{"@type":"ReadAction","target":["https:\/\/j-michaelis.de\/de\/beglaubigungen\/"]}]},{"@type":"BreadcrumbList","@id":"https:\/\/j-michaelis.de\/de\/beglaubigungen\/#breadcrumb","itemListElement":[{"@type":"ListItem","position":1,"name":"Startseite","item":"https:\/\/j-michaelis.de\/de\/"},{"@type":"ListItem","position":2,"name":"Sonstiges \/ Beglaubigungen"}]},{"@type":"WebSite","@id":"https:\/\/j-michaelis.de\/de\/#website","url":"https:\/\/j-michaelis.de\/de\/","name":"DE Jens Michaelis -\u00a0Notar | Rechtsanwalt","description":"Notar | Rechtsanwalt","publisher":{"@id":"https:\/\/j-michaelis.de\/de\/#organization"},"potentialAction":[{"@type":"SearchAction","target":{"@type":"EntryPoint","urlTemplate":"https:\/\/j-michaelis.de\/de\/?s={search_term_string}"},"query-input":{"@type":"PropertyValueSpecification","valueRequired":true,"valueName":"search_term_string"}}],"inLanguage":"de"},{"@type":"Organization","@id":"https:\/\/j-michaelis.de\/de\/#organization","name":"Jens Michaelis - Rechtsanwalt | Notar","url":"https:\/\/j-michaelis.de\/de\/","logo":{"@type":"ImageObject","inLanguage":"de","@id":"https:\/\/j-michaelis.de\/de\/#\/schema\/logo\/image\/","url":"","contentUrl":"","caption":"Jens Michaelis - Rechtsanwalt | Notar"},"image":{"@id":"https:\/\/j-michaelis.de\/de\/#\/schema\/logo\/image\/"}}]}},"_links":{"self":[{"href":"https:\/\/j-michaelis.de\/de\/wp-json\/wp\/v2\/pages\/878","targetHints":{"allow":["GET"]}}],"collection":[{"href":"https:\/\/j-michaelis.de\/de\/wp-json\/wp\/v2\/pages"}],"about":[{"href":"https:\/\/j-michaelis.de\/de\/wp-json\/wp\/v2\/types\/page"}],"author":[{"embeddable":true,"href":"https:\/\/j-michaelis.de\/de\/wp-json\/wp\/v2\/users\/1"}],"replies":[{"embeddable":true,"href":"https:\/\/j-michaelis.de\/de\/wp-json\/wp\/v2\/comments?post=878"}],"version-history":[{"count":2,"href":"https:\/\/j-michaelis.de\/de\/wp-json\/wp\/v2\/pages\/878\/revisions"}],"predecessor-version":[{"id":1684,"href":"https:\/\/j-michaelis.de\/de\/wp-json\/wp\/v2\/pages\/878\/revisions\/1684"}],"wp:attachment":[{"href":"https:\/\/j-michaelis.de\/de\/wp-json\/wp\/v2\/media?parent=878"}],"curies":[{"name":"wp","href":"https:\/\/api.w.org\/{rel}","templated":true}]}}